{"id":2763,"date":"2025-02-17T13:16:11","date_gmt":"2025-02-17T13:16:11","guid":{"rendered":"https:\/\/hagenlocher-raumgestaltung.de\/flooring\/"},"modified":"2025-02-17T13:16:11","modified_gmt":"2025-02-17T13:16:11","slug":"flooring","status":"publish","type":"page","link":"https:\/\/hagenlocher-raumgestaltung.de\/en\/flooring\/","title":{"rendered":"Flooring"},"content":{"rendered":"<div class=\"et_pb_section_0 et_pb_section et_section_regular et_flex_section\">\n<div class=\"et_pb_row_0 et_pb_row et_flex_row\">\n<div class=\"et_pb_column_0 et_pb_column et_flex_column et_pb_css_mix_blend_mode_passthrough et_flex_column_24_24 et_flex_column_24_24_tablet et_flex_column_24_24_phone show-license license-fhr\">\n<div class=\"et_pb_image_0 et_pb_image et_pb_image_sticky et_pb_module et_flex_module\"><\/div>\n<\/div>\n\n<div class=\"et_pb_column_1 et_pb_column et-last-child et_flex_column et_pb_css_mix_blend_mode_passthrough et_flex_column_24_24 et_flex_column_24_24_tablet et_flex_column_24_24_phone\">\n<div class=\"et_pb_text_0 et_pb_text et_pb_bg_layout_light et_pb_module et_flex_module\"><div class=\"et_pb_text_inner\"><h1>Bodenbel\u00e4ge im Kreis B\u00f6blingen &amp; Stuttgart \u2013 Parkett, Teppich, Vinyl &amp; mehr<\/h1>\n<p>Der Boden ist die <strong>Grund\u00adla\u00adge jeder Raum\u00adge\u00adstal\u00adtung<\/strong> \u2013 er pr\u00e4gt die Atmo\u00adsph\u00e4\u00adre, das Raum\u00adge\u00adf\u00fchl und den Wohn\u00adkom\u00adfort ma\u00df\u00adgeb\u00adlich. Ob nat\u00fcr\u00adli\u00adches <strong>Par\u00adkett<\/strong>, pfle\u00adge\u00adleich\u00adtes <strong>Lami\u00adnat<\/strong>, moder\u00adnes <strong>Vinyl<\/strong> oder wei\u00adcher <strong>Tep\u00adpich<\/strong> \u2013 der rich\u00adti\u00adge Boden\u00adbe\u00adlag ver\u00adbin\u00addet <strong>Design mit Funk\u00adtio\u00adna\u00adli\u00adt\u00e4t<\/strong> und sorgt f\u00fcr eine gem\u00fct\u00adli\u00adche Wohnat\u00admo\u00adsph\u00e4\u00adre.<\/p>\n<p>Mit unse\u00adrer gro\u00ad\u00dfen Aus\u00adwahl an <strong>hoch\u00adwer\u00adti\u00adgen Boden\u00adbe\u00adl\u00e4\u00adgen<\/strong> fin\u00adden wir gemein\u00adsam die per\u00adfek\u00adte L\u00f6sung f\u00fcr Ihre Wohn\u00adr\u00e4u\u00adme. Von <strong>klas\u00adsisch-ele\u00adgant bis modern und stra\u00adpa\u00adzier\u00adf\u00e4\u00adhig<\/strong> \u2013 wir bera\u00adten Sie indi\u00advi\u00addu\u00adell und sor\u00adgen f\u00fcr eine fach\u00adge\u00adrech\u00adte Umset\u00adzung.<\/p>\n<p>Mit unse\u00adrer lang\u00adj\u00e4h\u00adri\u00adgen Erfah\u00adrung ste\u00adhen wir Ihnen bei der <strong>Pla\u00adnung, Aus\u00adwahl und Ver\u00adle\u00adgung<\/strong> Ihrer Boden\u00adbe\u00adl\u00e4\u00adge im Kreis B\u00f6b\u00adlin\u00adgen, Stutt\u00adgart und ganz Baden-W\u00fcrt\u00adtem\u00adberg zur Sei\u00adte. Las\u00adsen Sie sich inspi\u00adrie\u00adren!<\/p>\n<\/div><\/div>\n<\/div>\n<\/div>\n<\/div>\n\n<div class=\"et_pb_section_1 et_pb_section et_section_regular et_flex_section\">\n<div class=\"et_pb_row_1 et_pb_row et_flex_row\">\n<div class=\"et_pb_column_2 et_pb_column et_flex_column et_pb_css_mix_blend_mode_passthrough et_flex_column_24_24 et_flex_column_24_24_tablet et_flex_column_24_24_phone\">\n<div class=\"et_pb_image_1 et_pb_image et_animated et_pb_module et_flex_module\"><span class=\"et_pb_image_wrap\"><img loading=\"lazy\" decoding=\"async\" src=\"https:\/\/hagenlocher-raumgestaltung.de\/wp-content\/uploads\/logo-hagenlocher-magstadt.png\" title=\"logo-hagenlocher-magstadt\" width=\"609\" height=\"205\" srcset=\"https:\/\/hagenlocher-raumgestaltung.de\/wp-content\/uploads\/logo-hagenlocher-magstadt.png 609w, https:\/\/hagenlocher-raumgestaltung.de\/wp-content\/uploads\/logo-hagenlocher-magstadt-480x162.png 480w\" sizes=\"(min-width: 0px) and (max-width: 480px) 480px, (min-width: 481px) 609px, 100vw\" class=\"wp-image-1237\"><\/span><\/div>\n<\/div>\n\n<div class=\"et_pb_column_3 et_pb_column et-last-child et_flex_column et_pb_css_mix_blend_mode_passthrough et_flex_column_24_24 et_flex_column_24_24_tablet et_flex_column_24_24_phone\">\n<div class=\"et_pb_text_1 et_pb_text et_pb_bg_layout_light et_pb_module et_flex_module\"><div class=\"et_pb_text_inner\"><h2>Unsere Leistungen f\u00fcr die Bodenbel\u00e4ge im \u00dcberblick<\/h2>\n<ul>\n<li>Gro\u00ad\u00dfe Aus\u00adwahl an <strong>hoch\u00adwer\u00adti\u00adgen Mate\u00adria\u00adli\u00aden<\/strong> f\u00fcr jeden Wohn\u00adstil<\/li>\n<li><strong>Fach\u00adbe\u00adra\u00adtung &amp; pro\u00adfes\u00adsio\u00adnel\u00adle Ver\u00adle\u00adgung<\/strong> f\u00fcr lang\u00adle\u00adbi\u00adge Ergeb\u00adnis\u00adse<\/li>\n<li><strong>Pfle\u00adge\u00adleich\u00adte &amp; stra\u00adpa\u00adzier\u00adf\u00e4\u00adhi\u00adge<\/strong> Boden\u00adbe\u00adl\u00e4\u00adge f\u00fcr h\u00f6chs\u00adte Anspr\u00fc\u00adche<\/li>\n<\/ul>\n<\/div><\/div>\n<\/div>\n<\/div>\n<\/div>\n\n<div class=\"et_pb_section_2 et_pb_section et_section_regular et_flex_section section_has_divider et_pb_top_divider et_pb_bottom_divider\"><div class=\"et_pb_top_inside_divider et-no-transition\"><\/div>\n<div class=\"et_pb_row_2 et_pb_row et_flex_row\">\n<div class=\"et_pb_column_4 et_pb_column et-last-child et_flex_column et_pb_css_mix_blend_mode_passthrough et_flex_column_24_24 et_flex_column_24_24_tablet et_flex_column_24_24_phone\">\n<div class=\"et_pb_heading_0 et_pb_heading et_pb_module et_flex_module\"><div class=\"et_pb_heading_container\"><h2 class=\"et_pb_module_header\">Unsere Bodenbelags-Optionen im Detail<\/h2><\/div><\/div>\n<\/div>\n<\/div>\n\n<div class=\"et_pb_row_3 et_pb_row et_flex_row\">\n<div class=\"et_pb_column_5 et_pb_column et_flex_column et_pb_css_mix_blend_mode_passthrough et_clickable et_flex_column_24_24 et_flex_column_24_24_tablet et_flex_column_24_24_phone\">\n<div class=\"et_pb_blurb_0 et_pb_blurb et_pb_bg_layout_light et_pb_blurb_position_top et_pb_module et_flex_module show-license\"><div class=\"et_pb_blurb_content et_flex_module\"><div class=\"et_pb_main_blurb_image\"><span class=\"et_pb_image_wrap et_pb_only_image_mode_wrap\"><img loading=\"lazy\" decoding=\"async\" src=\"https:\/\/hagenlocher-raumgestaltung.de\/wp-content\/uploads\/hagenlocher-kategorie-parkett.webp\" width=\"1080\" height=\"810\" srcset=\"https:\/\/hagenlocher-raumgestaltung.de\/wp-content\/uploads\/hagenlocher-kategorie-parkett.webp 1080w, https:\/\/hagenlocher-raumgestaltung.de\/wp-content\/uploads\/hagenlocher-kategorie-parkett-980x735.webp 980w, https:\/\/hagenlocher-raumgestaltung.de\/wp-content\/uploads\/hagenlocher-kategorie-parkett-480x360.webp 480w\" sizes=\"(min-width: 0px) and (max-width: 480px) 480px, (min-width: 481px) and (max-width: 980px) 980px, (min-width: 981px) 1080px, 100vw\" class=\"wp-image-1965\"><\/span><\/div><div class=\"et_pb_blurb_container\"><h4 class=\"et_pb_module_header\">Parkett \u2013 Zeitlose Eleganz mit Naturholz<\/h4><div class=\"et_pb_blurb_description\"><p>Par\u00adkett\u00adb\u00f6\u00adden ver\u00adlei\u00adhen R\u00e4u\u00admen eine <strong>hoch\u00adwer\u00adti\u00adge und edle Optik<\/strong>. Dank ver\u00adschie\u00adde\u00adner Holz\u00adar\u00adten und Ver\u00adle\u00adge\u00admus\u00adter ist Par\u00adkett sowohl f\u00fcr <strong>klas\u00adsi\u00adsche als auch moder\u00adne Raum\u00adkon\u00adzep\u00adte<\/strong> ide\u00adal.<\/p>\n<\/div><\/div><\/div><\/div>\n<\/div>\n\n<div class=\"et_pb_column_6 et_pb_column et_flex_column et_pb_css_mix_blend_mode_passthrough et_clickable et_flex_column_24_24 et_flex_column_24_24_tablet et_flex_column_24_24_phone\">\n<div class=\"et_pb_blurb_1 et_pb_blurb et_pb_bg_layout_light et_pb_blurb_position_top et_pb_module et_flex_module show-license\"><div class=\"et_pb_blurb_content et_flex_module\"><div class=\"et_pb_main_blurb_image\"><span class=\"et_pb_image_wrap et_pb_only_image_mode_wrap\"><img loading=\"lazy\" decoding=\"async\" src=\"https:\/\/hagenlocher-raumgestaltung.de\/wp-content\/uploads\/hagenlocher-kategorie-teppich.webp\" width=\"1080\" height=\"810\" srcset=\"https:\/\/hagenlocher-raumgestaltung.de\/wp-content\/uploads\/hagenlocher-kategorie-teppich.webp 1080w, https:\/\/hagenlocher-raumgestaltung.de\/wp-content\/uploads\/hagenlocher-kategorie-teppich-980x735.webp 980w, https:\/\/hagenlocher-raumgestaltung.de\/wp-content\/uploads\/hagenlocher-kategorie-teppich-480x360.webp 480w\" sizes=\"(min-width: 0px) and (max-width: 480px) 480px, (min-width: 481px) and (max-width: 980px) 980px, (min-width: 981px) 1080px, 100vw\" class=\"wp-image-1966\"><\/span><\/div><div class=\"et_pb_blurb_container\"><h4 class=\"et_pb_module_header\">Teppich \u2013 Weich, gem\u00fctlich &amp; schalld\u00e4mmend<\/h4><div class=\"et_pb_blurb_description\"><p>Tep\u00adpich\u00adb\u00f6\u00adden schaf\u00adfen eine <strong>wohn\u00adli\u00adche Atmo\u00adsph\u00e4\u00adre<\/strong>, d\u00e4mp\u00adfen Ger\u00e4u\u00adsche und sor\u00adgen f\u00fcr ein ange\u00adnehm war\u00admes Lauf\u00adge\u00adf\u00fchl. Ide\u00adal f\u00fcr <strong>Schlaf\u00adzim\u00admer, Wohn\u00adzim\u00admer oder Kin\u00adder\u00adzim\u00admer<\/strong>.<\/p>\n<\/div><\/div><\/div><\/div>\n<\/div>\n\n<div class=\"et_pb_column_7 et_pb_column et-last-child et_flex_column et_pb_css_mix_blend_mode_passthrough et_clickable et_flex_column_24_24 et_flex_column_24_24_tablet et_flex_column_24_24_phone\">\n<div class=\"et_pb_blurb_2 et_pb_blurb et_pb_bg_layout_light et_pb_blurb_position_top et_pb_module et_flex_module show-license\"><div class=\"et_pb_blurb_content et_flex_module\"><div class=\"et_pb_main_blurb_image\"><span class=\"et_pb_image_wrap et_pb_only_image_mode_wrap\"><img loading=\"lazy\" decoding=\"async\" src=\"https:\/\/hagenlocher-raumgestaltung.de\/wp-content\/uploads\/hagenlocher-kategorie-vinyl.webp\" width=\"1080\" height=\"810\" srcset=\"https:\/\/hagenlocher-raumgestaltung.de\/wp-content\/uploads\/hagenlocher-kategorie-vinyl.webp 1080w, https:\/\/hagenlocher-raumgestaltung.de\/wp-content\/uploads\/hagenlocher-kategorie-vinyl-980x735.webp 980w, https:\/\/hagenlocher-raumgestaltung.de\/wp-content\/uploads\/hagenlocher-kategorie-vinyl-480x360.webp 480w\" sizes=\"(min-width: 0px) and (max-width: 480px) 480px, (min-width: 481px) and (max-width: 980px) 980px, (min-width: 981px) 1080px, 100vw\" class=\"wp-image-1967\"><\/span><\/div><div class=\"et_pb_blurb_container\"><h4 class=\"et_pb_module_header\">Vinyl \u2013 Wasserfest &amp; robust<\/h4><div class=\"et_pb_blurb_description\"><p>Vinyl\u00adb\u00f6\u00adden sind eine <strong>hoch\u00adfunk\u00adtio\u00adna\u00adle Alter\u00adna\u00adti\u00adve<\/strong> zu Holz\u00adb\u00f6\u00adden. Sie sind <strong>was\u00adser\u00adre\u00adsis\u00adtent, pfle\u00adge\u00adleicht und in zahl\u00adrei\u00adchen Deko\u00adren erh\u00e4lt\u00adlich<\/strong> \u2013 ide\u00adal f\u00fcr K\u00fcche, Bade\u00adzim\u00admer und Flur.<\/p>\n<\/div><\/div><\/div><\/div>\n<\/div>\n<\/div>\n\n<div class=\"et_pb_row_4 et_pb_row et_flex_row\">\n<div class=\"et_pb_column_8 et_pb_column et_flex_column et_pb_css_mix_blend_mode_passthrough et_clickable et_flex_column_24_24 et_flex_column_24_24_tablet et_flex_column_24_24_phone\">\n<div class=\"et_pb_blurb_3 et_pb_blurb et_pb_bg_layout_light et_pb_blurb_position_top et_pb_module et_flex_module show-license\"><div class=\"et_pb_blurb_content et_flex_module\"><div class=\"et_pb_main_blurb_image\"><span class=\"et_pb_image_wrap et_pb_only_image_mode_wrap\"><img loading=\"lazy\" decoding=\"async\" src=\"https:\/\/hagenlocher-raumgestaltung.de\/wp-content\/uploads\/hagenlocher-kategorie-linoleum.webp\" width=\"1080\" height=\"810\" srcset=\"https:\/\/hagenlocher-raumgestaltung.de\/wp-content\/uploads\/hagenlocher-kategorie-linoleum.webp 1080w, https:\/\/hagenlocher-raumgestaltung.de\/wp-content\/uploads\/hagenlocher-kategorie-linoleum-980x735.webp 980w, https:\/\/hagenlocher-raumgestaltung.de\/wp-content\/uploads\/hagenlocher-kategorie-linoleum-480x360.webp 480w\" sizes=\"(min-width: 0px) and (max-width: 480px) 480px, (min-width: 481px) and (max-width: 980px) 980px, (min-width: 981px) 1080px, 100vw\" class=\"wp-image-1964\"><\/span><\/div><div class=\"et_pb_blurb_container\"><h4 class=\"et_pb_module_header\">Linoleum \u2013 Langlebig &amp; nachhaltig<\/h4><div class=\"et_pb_blurb_description\"><p>Lin\u00adole\u00adum \u00fcber\u00adzeugt durch <strong>sei\u00adne hohe Stra\u00adpa\u00adzier\u00adf\u00e4\u00adhig\u00adkeit, Pfle\u00adge\u00adleich\u00adtig\u00adkeit und Umwelt\u00adfreund\u00adlich\u00adkeit<\/strong>. Beson\u00adders geeig\u00adnet f\u00fcr <strong>hoch\u00adfre\u00adquen\u00adtier\u00adte Wohn- und Arbeits\u00adbe\u00adrei\u00adche<\/strong>.<\/p>\n<\/div><\/div><\/div><\/div>\n<\/div>\n\n<div class=\"et_pb_column_9 et_pb_column et_flex_column et_pb_css_mix_blend_mode_passthrough et_clickable et_flex_column_24_24 et_flex_column_24_24_tablet et_flex_column_24_24_phone\">\n<div class=\"et_pb_blurb_4 et_pb_blurb et_pb_bg_layout_light et_pb_blurb_position_top et_pb_module et_flex_module show-license\"><div class=\"et_pb_blurb_content et_flex_module\"><div class=\"et_pb_main_blurb_image\"><a href><span class=\"et_pb_image_wrap et_pb_only_image_mode_wrap\"><img loading=\"lazy\" decoding=\"async\" src=\"https:\/\/hagenlocher-raumgestaltung.de\/wp-content\/uploads\/laminat-madison-akazie-hagenlocher.webp\" width=\"1080\" height=\"810\" srcset=\"https:\/\/hagenlocher-raumgestaltung.de\/wp-content\/uploads\/laminat-madison-akazie-hagenlocher.webp 1080w, https:\/\/hagenlocher-raumgestaltung.de\/wp-content\/uploads\/laminat-madison-akazie-hagenlocher-980x735.webp 980w, https:\/\/hagenlocher-raumgestaltung.de\/wp-content\/uploads\/laminat-madison-akazie-hagenlocher-480x360.webp 480w\" sizes=\"(min-width: 0px) and (max-width: 480px) 480px, (min-width: 481px) and (max-width: 980px) 980px, (min-width: 981px) 1080px, 100vw\" class=\"wp-image-1707\"><\/span><\/a><\/div><div class=\"et_pb_blurb_container\"><h4 class=\"et_pb_module_header\"><a href>Laminat \u2013 Pflegeleicht &amp; vielseitig<\/a><\/h4><div class=\"et_pb_blurb_description\"><p>Lami\u00adnat\u00adb\u00f6\u00adden bie\u00adten eine <strong>gro\u00ad\u00dfe Aus\u00adwahl an Designs<\/strong>, von Holz\u00adop\u00adtik bis zu moder\u00adnen Stein\u00admus\u00adtern. Sie sind <strong>stra\u00adpa\u00adzier\u00adf\u00e4\u00adhig, leicht zu rei\u00adni\u00adgen und kos\u00adten\u00adef\u00adfi\u00adzi\u00adent<\/strong> \u2013 per\u00adfekt f\u00fcr stark genutz\u00adte Wohn\u00adbe\u00adrei\u00adche.<\/p>\n<\/div><\/div><\/div><\/div>\n<\/div>\n\n<div class=\"et_pb_column_10 et_pb_column et-last-child et_flex_column et_pb_css_mix_blend_mode_passthrough et_clickable et_flex_column_24_24 et_flex_column_24_24_tablet et_flex_column_24_24_phone\">\n<div class=\"et_pb_blurb_5 et_pb_blurb et_pb_bg_layout_light et_pb_blurb_position_top et_pb_module et_flex_module show-license\"><div class=\"et_pb_blurb_content et_flex_module\"><div class=\"et_pb_main_blurb_image\"><span class=\"et_pb_image_wrap et_pb_only_image_mode_wrap\"><img loading=\"lazy\" decoding=\"async\" src=\"https:\/\/hagenlocher-raumgestaltung.de\/wp-content\/uploads\/kork-deluxe-mocca-hagenlocher.webp\" width=\"1080\" height=\"810\" srcset=\"https:\/\/hagenlocher-raumgestaltung.de\/wp-content\/uploads\/kork-deluxe-mocca-hagenlocher.webp 1080w, https:\/\/hagenlocher-raumgestaltung.de\/wp-content\/uploads\/kork-deluxe-mocca-hagenlocher-980x735.webp 980w, https:\/\/hagenlocher-raumgestaltung.de\/wp-content\/uploads\/kork-deluxe-mocca-hagenlocher-480x360.webp 480w\" sizes=\"(min-width: 0px) and (max-width: 480px) 480px, (min-width: 481px) and (max-width: 980px) 980px, (min-width: 981px) 1080px, 100vw\" class=\"wp-image-1721\"><\/span><\/div><div class=\"et_pb_blurb_container\"><h4 class=\"et_pb_module_header\">Kork \u2013 Nat\u00fcrlich &amp; nachhaltig<\/h4><div class=\"et_pb_blurb_description\"><p>Kork\u00adb\u00f6\u00adden sind eine <strong>\u00f6ko\u00adlo\u00adgi\u00adsche L\u00f6sung<\/strong>, die ein <strong>ange\u00adnehm war\u00admes Lauf\u00adge\u00adf\u00fchl und eine nat\u00fcr\u00adli\u00adche Schall\u00add\u00e4m\u00admung<\/strong> bie\u00adtet. Per\u00adfekt f\u00fcr umwelt\u00adbe\u00adwuss\u00adtes Woh\u00adnen.<\/p>\n<\/div><\/div><\/div><\/div>\n<\/div>\n<\/div>\n<div class=\"et_pb_bottom_inside_divider et-no-transition\"><\/div><\/div>\n\n<div class=\"et_pb_section_3 et_pb_section et_pb_fullwidth_section et_section_regular et_flex_section\">\n<section class=\"et_pb_fullwidth_header_0 et_pb_fullwidth_header et_pb_bg_layout_dark et_pb_text_align_center et_pb_module et_flex_module\"><div class=\"et_pb_fullwidth_header_container center\"><div class=\"header-content-container center\"><div class=\"header-content et_flex_module\"><h2 class=\"et_pb_module_header\">Ihr neuer Boden \u2013 Fachgerecht verlegt &amp; perfekt abgestimmt!<\/h2><div class=\"et_pb_header_content_wrapper\"><p>Sie m\u00f6ch\u00adten Ihren Boden neu gestal\u00adten oder einen bestehen\u00adden Boden\u00adbe\u00adlag erneu\u00adern? Wir unter\u00adst\u00fct\u00adzen Sie von der <strong>Bera\u00adtung bis zur fach\u00adge\u00adrech\u00adten Ver\u00adle\u00adgung<\/strong>!<\/p>\n<\/div><div class=\"et_pb_header_button_wrapper\"><a class=\"et_pb_button et_pb_more_button et_pb_button_one\" href=\"\/kontakt\">JETZT KONTAKT AUFNEHMEN<\/a><\/div><\/div><\/div><\/div><div class=\"et_pb_fullwidth_header_overlay\"><\/div><div class=\"et_pb_fullwidth_header_scroll\"><\/div><\/section>\n<\/div>","protected":false},"excerpt":{"rendered":"","protected":false},"author":2,"featured_media":0,"parent":0,"menu_order":0,"comment_status":"closed","ping_status":"closed","template":"","meta":{"wp_typography_post_enhancements_disabled":false,"footnotes":""},"class_list":["post-2763","page","type-page","status-publish","hentry"],"dsm_author":{"name":"mediarock","avatar_url":"https:\/\/secure.gravatar.com\/avatar\/618b40ae05e00758d8ded4db8829d584d8f71c6a187260e47057e334e44c9822?s=96&d=mm&r=g","archive_link":"https:\/\/hagenlocher-raumgestaltung.de\/en\/author\/mediarock\/","biodata":""},"dsm_categories":[],"dsm_attachment_categories":[],"dsm_featured_image":null,"yoast_head":"<!-- This site is optimized with the Yoast SEO plugin v27.3 - https:\/\/yoast.com\/product\/yoast-seo-wordpress\/ -->\n<title>Flooring Solutions for Residential &amp; Commercial Spaces | Hagenlocher Magstadt<\/title>\n<meta name=\"description\" content=\"\u2713 High-quality flooring: parquet, vinyl, carpet &amp; more. \u25ba Expert installation in B\u00f6blingen &amp; Stuttgart \u2013 Get advice now!\" \/>\n<meta name=\"robots\" content=\"index, follow, max-snippet:-1, max-image-preview:large, max-video-preview:-1\" \/>\n<link rel=\"canonical\" href=\"https:\/\/hagenlocher-raumgestaltung.de\/en\/flooring\/\" \/>\n<meta property=\"og:locale\" content=\"en_US\" \/>\n<meta property=\"og:type\" content=\"article\" \/>\n<meta property=\"og:title\" content=\"Flooring Solutions for Residential &amp; Commercial Spaces | Hagenlocher Magstadt\" \/>\n<meta property=\"og:description\" content=\"\u2713 High-quality flooring: parquet, vinyl, carpet &amp; more. \u25ba Expert installation in B\u00f6blingen &amp; Stuttgart \u2013 Get advice now!\" \/>\n<meta property=\"og:url\" content=\"https:\/\/hagenlocher-raumgestaltung.de\/en\/flooring\/\" \/>\n<meta property=\"og:site_name\" content=\"Hagenlocher Interior Design\" \/>\n<meta property=\"article:publisher\" content=\"https:\/\/www.facebook.com\/profile.php?id=100063579550462#\" \/>\n<meta name=\"twitter:card\" content=\"summary_large_image\" \/>\n<script type=\"application\/ld+json\" class=\"yoast-schema-graph\">{\"@context\":\"https:\\\/\\\/schema.org\",\"@graph\":[{\"@type\":\"WebPage\",\"@id\":\"https:\\\/\\\/hagenlocher-raumgestaltung.de\\\/en\\\/flooring\\\/\",\"url\":\"https:\\\/\\\/hagenlocher-raumgestaltung.de\\\/en\\\/flooring\\\/\",\"name\":\"Flooring Solutions for Residential & Commercial Spaces | Hagenlocher Magstadt\",\"isPartOf\":{\"@id\":\"https:\\\/\\\/hagenlocher-raumgestaltung.de\\\/en\\\/#website\"},\"datePublished\":\"2025-02-17T13:16:11+00:00\",\"description\":\"\u2713 High-quality flooring: parquet, vinyl, carpet & more. \u25ba Expert installation in B\u00f6blingen & Stuttgart \u2013 Get advice now!\",\"breadcrumb\":{\"@id\":\"https:\\\/\\\/hagenlocher-raumgestaltung.de\\\/en\\\/flooring\\\/#breadcrumb\"},\"inLanguage\":\"en-US\",\"potentialAction\":[{\"@type\":\"ReadAction\",\"target\":[\"https:\\\/\\\/hagenlocher-raumgestaltung.de\\\/en\\\/flooring\\\/\"]}]},{\"@type\":\"BreadcrumbList\",\"@id\":\"https:\\\/\\\/hagenlocher-raumgestaltung.de\\\/en\\\/flooring\\\/#breadcrumb\",\"itemListElement\":[{\"@type\":\"ListItem\",\"position\":1,\"name\":\"Home\",\"item\":\"https:\\\/\\\/hagenlocher-raumgestaltung.de\\\/en\\\/\"},{\"@type\":\"ListItem\",\"position\":2,\"name\":\"Flooring\"}]},{\"@type\":\"WebSite\",\"@id\":\"https:\\\/\\\/hagenlocher-raumgestaltung.de\\\/en\\\/#website\",\"url\":\"https:\\\/\\\/hagenlocher-raumgestaltung.de\\\/en\\\/\",\"name\":\"Hagenlocher Raumgestaltung\",\"description\":\"Magstadt | Sindelfingen\",\"publisher\":{\"@id\":\"https:\\\/\\\/hagenlocher-raumgestaltung.de\\\/en\\\/#organization\"},\"potentialAction\":[{\"@type\":\"SearchAction\",\"target\":{\"@type\":\"EntryPoint\",\"urlTemplate\":\"https:\\\/\\\/hagenlocher-raumgestaltung.de\\\/en\\\/?s={search_term_string}\"},\"query-input\":{\"@type\":\"PropertyValueSpecification\",\"valueRequired\":true,\"valueName\":\"search_term_string\"}}],\"inLanguage\":\"en-US\"},{\"@type\":\"Organization\",\"@id\":\"https:\\\/\\\/hagenlocher-raumgestaltung.de\\\/en\\\/#organization\",\"name\":\"Hagenlocher Interior Design\",\"url\":\"https:\\\/\\\/hagenlocher-raumgestaltung.de\\\/en\\\/\",\"logo\":{\"@type\":\"ImageObject\",\"inLanguage\":\"en-US\",\"@id\":\"https:\\\/\\\/hagenlocher-raumgestaltung.de\\\/en\\\/#\\\/schema\\\/logo\\\/image\\\/\",\"url\":\"https:\\\/\\\/hagenlocher-raumgestaltung.de\\\/wp-content\\\/uploads\\\/logo-hagenlocher-magstadt.png\",\"contentUrl\":\"https:\\\/\\\/hagenlocher-raumgestaltung.de\\\/wp-content\\\/uploads\\\/logo-hagenlocher-magstadt.png\",\"width\":609,\"height\":205,\"caption\":\"Hagenlocher Interior Design\"},\"image\":{\"@id\":\"https:\\\/\\\/hagenlocher-raumgestaltung.de\\\/en\\\/#\\\/schema\\\/logo\\\/image\\\/\"},\"sameAs\":[\"https:\\\/\\\/www.facebook.com\\\/profile.php?id=100063579550462#\"]}]}<\/script>\n<!-- \/ Yoast SEO plugin. -->","yoast_head_json":{"title":"Flooring Solutions for Residential & Commercial Spaces | Hagenlocher Magstadt","description":"\u2713 High-quality flooring: parquet, vinyl, carpet & more. \u25ba Expert installation in B\u00f6blingen & Stuttgart \u2013 Get advice now!","robots":{"index":"index","follow":"follow","max-snippet":"max-snippet:-1","max-image-preview":"max-image-preview:large","max-video-preview":"max-video-preview:-1"},"canonical":"https:\/\/hagenlocher-raumgestaltung.de\/en\/flooring\/","og_locale":"en_US","og_type":"article","og_title":"Flooring Solutions for Residential & Commercial Spaces | Hagenlocher Magstadt","og_description":"\u2713 High-quality flooring: parquet, vinyl, carpet & more. \u25ba Expert installation in B\u00f6blingen & Stuttgart \u2013 Get advice now!","og_url":"https:\/\/hagenlocher-raumgestaltung.de\/en\/flooring\/","og_site_name":"Hagenlocher Interior Design","article_publisher":"https:\/\/www.facebook.com\/profile.php?id=100063579550462#","twitter_card":"summary_large_image","schema":{"@context":"https:\/\/schema.org","@graph":[{"@type":"WebPage","@id":"https:\/\/hagenlocher-raumgestaltung.de\/en\/flooring\/","url":"https:\/\/hagenlocher-raumgestaltung.de\/en\/flooring\/","name":"Flooring Solutions for Residential & Commercial Spaces | Hagenlocher Magstadt","isPartOf":{"@id":"https:\/\/hagenlocher-raumgestaltung.de\/en\/#website"},"datePublished":"2025-02-17T13:16:11+00:00","description":"\u2713 High-quality flooring: parquet, vinyl, carpet & more. \u25ba Expert installation in B\u00f6blingen & Stuttgart \u2013 Get advice now!","breadcrumb":{"@id":"https:\/\/hagenlocher-raumgestaltung.de\/en\/flooring\/#breadcrumb"},"inLanguage":"en-US","potentialAction":[{"@type":"ReadAction","target":["https:\/\/hagenlocher-raumgestaltung.de\/en\/flooring\/"]}]},{"@type":"BreadcrumbList","@id":"https:\/\/hagenlocher-raumgestaltung.de\/en\/flooring\/#breadcrumb","itemListElement":[{"@type":"ListItem","position":1,"name":"Home","item":"https:\/\/hagenlocher-raumgestaltung.de\/en\/"},{"@type":"ListItem","position":2,"name":"Flooring"}]},{"@type":"WebSite","@id":"https:\/\/hagenlocher-raumgestaltung.de\/en\/#website","url":"https:\/\/hagenlocher-raumgestaltung.de\/en\/","name":"Hagenlocher Raumgestaltung","description":"Magstadt | Sindelfingen","publisher":{"@id":"https:\/\/hagenlocher-raumgestaltung.de\/en\/#organization"},"potentialAction":[{"@type":"SearchAction","target":{"@type":"EntryPoint","urlTemplate":"https:\/\/hagenlocher-raumgestaltung.de\/en\/?s={search_term_string}"},"query-input":{"@type":"PropertyValueSpecification","valueRequired":true,"valueName":"search_term_string"}}],"inLanguage":"en-US"},{"@type":"Organization","@id":"https:\/\/hagenlocher-raumgestaltung.de\/en\/#organization","name":"Hagenlocher Interior Design","url":"https:\/\/hagenlocher-raumgestaltung.de\/en\/","logo":{"@type":"ImageObject","inLanguage":"en-US","@id":"https:\/\/hagenlocher-raumgestaltung.de\/en\/#\/schema\/logo\/image\/","url":"https:\/\/hagenlocher-raumgestaltung.de\/wp-content\/uploads\/logo-hagenlocher-magstadt.png","contentUrl":"https:\/\/hagenlocher-raumgestaltung.de\/wp-content\/uploads\/logo-hagenlocher-magstadt.png","width":609,"height":205,"caption":"Hagenlocher Interior Design"},"image":{"@id":"https:\/\/hagenlocher-raumgestaltung.de\/en\/#\/schema\/logo\/image\/"},"sameAs":["https:\/\/www.facebook.com\/profile.php?id=100063579550462#"]}]}},"_links":{"self":[{"href":"https:\/\/hagenlocher-raumgestaltung.de\/en\/wp-json\/wp\/v2\/pages\/2763","targetHints":{"allow":["GET"]}}],"collection":[{"href":"https:\/\/hagenlocher-raumgestaltung.de\/en\/wp-json\/wp\/v2\/pages"}],"about":[{"href":"https:\/\/hagenlocher-raumgestaltung.de\/en\/wp-json\/wp\/v2\/types\/page"}],"author":[{"embeddable":true,"href":"https:\/\/hagenlocher-raumgestaltung.de\/en\/wp-json\/wp\/v2\/users\/2"}],"replies":[{"embeddable":true,"href":"https:\/\/hagenlocher-raumgestaltung.de\/en\/wp-json\/wp\/v2\/comments?post=2763"}],"version-history":[{"count":0,"href":"https:\/\/hagenlocher-raumgestaltung.de\/en\/wp-json\/wp\/v2\/pages\/2763\/revisions"}],"wp:attachment":[{"href":"https:\/\/hagenlocher-raumgestaltung.de\/en\/wp-json\/wp\/v2\/media?parent=2763"}],"curies":[{"name":"wp","href":"https:\/\/api.w.org\/{rel}","templated":true}]}}